{"id":1003,"date":"2021-10-03T16:15:31","date_gmt":"2021-10-03T16:15:31","guid":{"rendered":"https:\/\/www.untontila.fi\/?page_id=1003"},"modified":"2025-01-26T13:39:32","modified_gmt":"2025-01-26T11:39:32","slug":"https-www-untontila-fi-2","status":"publish","type":"page","link":"https:\/\/www.untontila.fi\/?page_id=1003","title":{"rendered":"Fatbike-vuokrausehdot"},"content":{"rendered":"<div  data-label=\"Vuokrausehdot\" data-id=\"about--1\" data-export-id=\"about-1\" data-category=\"about\" class=\"about-1 content-section\" id=\"vuokrausehdot\" style=\"background-color: rgb(255, 255, 255); background-image: none;\"><div  class=\"gridContainer\"> <div  class=\"row text-center\"><div  class=\"section-title-col\" data-type=\"column\"> <h5  class=\"\">UNTON TILA<\/h5> <h2  class=\"\">FATBIKE-VUOKRAUSEHDOT<\/h2> <p  class=\"lead\" style=\"text-align: left;\"><br ><span  style=\"color: rgb(0, 0, 0);\">1.\tUnton Tilan (vuokralle antaja) s\u00e4hk\u00f6avusteisten polkupy\u00f6rien vuokrausehdot ja -s\u00e4\u00e4nn\u00f6t sek\u00e4 s\u00e4\u00e4d\u00f6kset m\u00e4\u00e4ritell\u00e4\u00e4n n\u00e4iss\u00e4 vuokrausehdoissa, vuokrasopimuksessa sek\u00e4 Suomen lains\u00e4\u00e4d\u00e4nn\u00f6ss\u00e4. Maksamalla vuokrasopimuksen hinnan vuokraaja (asiakas) sitoutuu noudattamaan n\u00e4it\u00e4 vuokraukseen liittyvi\u00e4 ehtoja, sopimuksia sek\u00e4 lains\u00e4\u00e4d\u00e4nt\u00f6\u00e4.\r\n<\/span><br ><br ><span  style=\"color: rgb(0, 0, 0);\">\r\n2. Asiakkaan on todistettava vuokrauksen yhteydess\u00e4 henkil\u00f6llisyytens\u00e4 voimassa olevalla kuvallisella henkil\u00f6llisyystodistuksella (passi, EU-ajokortti tai henkil\u00f6kortti). Vuokraajalta otetaan virallisen henkil\u00f6llisyystodistuksen kopio, joka h\u00e4vitet\u00e4\u00e4n vuokrauksen j\u00e4lkeen.&nbsp;Vuokralle antaja noudattaa henkil\u00f6tietojen k\u00e4sittelyss\u00e4 yleisen tietosuoja-asetuksen vaatimuksia.<\/span><br ><br ><span  style=\"color: rgb(0, 0, 0);\">\r\n3.\tVuokrahinta maksetaan aina etuk\u00e4teen.&nbsp;<\/span><br ><br ><span  style=\"color: rgb(0, 0, 0);\">\r\n4.\tAlaik\u00e4isille (alle 18v) vuokraus vain huoltajan seurassa.\r\n<\/span><br ><br ><span  style=\"color: rgb(0, 0, 0);\">\r\n5.\tUnton Tilan s\u00e4hk\u00f6py\u00f6rill\u00e4 on laitevakuutus. Vuokraajan omavastuu vahinkotapahtumaa kohti on 150\u20ac.\r\n<\/span><br ><br ><span  style=\"color: rgb(0, 0, 0);\">\r\n6.\tAsiakas ymm\u00e4rt\u00e4\u00e4, ettei vuokralle antaja ole miss\u00e4\u00e4n vastuussa asiakkaan toiminnasta vuokrauksen aikana. Asiakas toimii t\u00e4ysin omalla vastuulla eik\u00e4 vuokralle antaja vakuuta asiakkaita henkil\u00f6-, omaisuus- tai muiden vahinkojen varalta.\r\n<\/span><br ><br ><span  style=\"color: rgb(0, 0, 0);\">\r\n7.\tVuokraajan tulee varmistaa oma voimassaoleva vapaa-ajan tapaturmavakuutus joka kattaa s\u00e4hk\u00f6py\u00f6r\u00e4ilyn ja k\u00e4ytt\u00e4\u00e4 kyp\u00e4r\u00e4\u00e4 aina kuljettaessaan py\u00f6r\u00e4\u00e4.\r\n<\/span><br ><br ><span  style=\"color: rgb(0, 0, 0);\">\r\n8.\tPy\u00f6r\u00e4\u00e4 ja muita vuokrattuja v\u00e4lineit\u00e4 ei saa luovuttaa kolmannelle osapuolelle eik\u00e4 toisen kuljetettavaksi ellei muuta ole sovittu.\r\n<\/span><br ><br ><span  style=\"color: rgb(0, 0, 0);\">\r\n9.\tPy\u00f6r\u00e4n vieminen Suomen rajojen ulkopuolelle on kielletty.\r\n<\/span><br ><br ><span  style=\"color: rgb(0, 0, 0);\">\r\n10.\tPy\u00f6r\u00e4\u00e4 ei saa kuljettaa p\u00e4ihteiden vaikutuksen alaisena.\r\n<\/span><br ><br ><span  style=\"color: rgb(0, 0, 0);\">\r\n11.\tTahallisesti tai p\u00e4ihtyneen\u00e4 aiheutuneet vahingot on asiakas velvollinen korvaamaan kokonaan toteutuneiden kulujen mukaan kaikille vahingon osapuolille.\r\n<\/span><br ><br ><span  style=\"color: rgb(0, 0, 0);\">\r\n12.\tAsiakas sitoutuu k\u00e4ytt\u00e4m\u00e4\u00e4n py\u00f6r\u00e4\u00e4 ja muita varusteita vain niille tarkoitetulla tavalla. Py\u00f6r\u00e4\u00e4 ei saa k\u00e4ytt\u00e4\u00e4 kilpaurheiluun tai sen kaltaiseen toimintaan\r\n<\/span><br ><br ><span  style=\"color: rgb(0, 0, 0);\">\r\n13.\tPy\u00f6r\u00e4n kuljettajalla tulee olla py\u00f6r\u00e4ilyyn soveltuva vaatetus, joissa ei ole takertumisen tai ketjun v\u00e4liin j\u00e4\u00e4misen vaaraa. Vuokralle antaja ei vastaa vaatteille aiheutuneista vahingoista (esim. repe\u00e4miset tai ketju\u00f6ljytahrat).\r\n<\/span><br ><br ><span  style=\"color: rgb(0, 0, 0);\">\r\n14.\tAsiakkaan tulee huolehtia py\u00f6r\u00e4st\u00e4 ja varusteita, toimia huolellisesti sek\u00e4 noudattaa voimassaolevia liikennes\u00e4\u00e4nt\u00f6j\u00e4 ja muita ohjeita.\r\n<\/span><br ><br ><span  style=\"color: rgb(0, 0, 0);\">\r\n15.\tVuokralle antaja vastaa siit\u00e4, ett\u00e4 py\u00f6r\u00e4 on huollettu, ladattu ja valmiina ajoon vuokraamishetkell\u00e4. Asiakas on kuitenkin velvollinen tarkastamaan py\u00f6r\u00e4n kunnon silm\u00e4m\u00e4\u00e4r\u00e4isesti aina ennen ajoon l\u00e4ht\u00f6\u00e4 ja my\u00f6s vuokra-aikana esim. renkaiden kiinnityksen osalta. Vuokra-aikana rikkoutuneella tai vikaantuneella py\u00f6r\u00e4ll\u00e4 ei saa ajaa.\r\n<\/span><br ><br ><span  style=\"color: rgb(0, 0, 0);\">\r\n16.\tAsiakkaan on oltava varkauden, ilkivallan, liikennevahingon tai muun vastaavan tapauksen osalta v\u00e4litt\u00f6m\u00e4sti yhteydess\u00e4 vuokralle antajaan sek\u00e4 poliisiin (puh 112) tapauksen selvitt\u00e4miseksi.\r\n<\/span><br ><br ><span  style=\"color: rgb(0, 0, 0);\">\r\n17.\tAsiakas sitoutuu palauttamaan vuokrav\u00e4lineet siin\u00e4 kunnossa kuin ne olivat vuokralle antaessa.\r\n<\/span><br ><br ><span  style=\"color: rgb(0, 0, 0);\">\r\n18.\tVahinkotapahtumassa vakuutuksen omavastuu (150\u20ac) tai muu korvaushinta veloitetaan asiakkaalta py\u00f6r\u00e4n palautuksen yhteydess\u00e4, jos tarkemmissa tutkimuksissa todetaan vahingon tai vian aiheutuneen muusta kuin asiakkaan k\u00e4yt\u00f6st\u00e4 johtuvasta syyst\u00e4, peritty summa palautetaan asiakkaan tilille ja palautuksesta sovitaan erikseen s\u00e4hk\u00f6postitse.\r\n<\/span><br ><br ><span  style=\"color: rgb(0, 0, 0);\">\r\n19.\tVuokratut v\u00e4lineet on palautettava viimeist\u00e4\u00e4n vuokrausajan p\u00e4\u00e4ttyess\u00e4. Mik\u00e4li asiakas palauttaa vuokrav\u00e4lineet my\u00f6h\u00e4ss\u00e4 on vuokralle antajalla oikeus peri\u00e4 lis\u00e4vuokraa palautushetkeen saakka\r\n<\/span><br ><br ><span  style=\"color: rgb(0, 0, 0);\">\r\n20.\tVuokralle antaja varaa oikeuden olla vuokraamatta asiakkaalle py\u00f6r\u00e4\u00e4 ilman selityksi\u00e4.\r\n<\/span><br ><br ><span  style=\"color: rgb(0, 0, 0);\">\r\n21.\tMik\u00e4li k\u00e4y ilmi, ett\u00e4 asiakas ei noudata vuokrasopimuksen ehtoja on vuokralle antajalla oikeus purkaa vuokrasopimus v\u00e4litt\u00f6m\u00e4sti ilman hyvityst\u00e4.\r\n<\/span><br ><br ><span  style=\"color: rgb(0, 0, 0);\">\r\n22.\tYlivoimaisen esteen sattuessa voi vuokralle antaja irtisanoa vuokrasopimuksen tai perua varauksen, t\u00e4st\u00e4 ilmoitetaan viivytyksett\u00e4 asiakkaalle. Asiakkaalla on t\u00e4ll\u00f6in oikeus saada etuk\u00e4teen maksamansa vuokra kokonaisuudessaan takaisin. Esteen vuoksi irtisanotusta vuokrasopimuksesta tai varausajan peruutuksesta asiakkaalle mahdollisesti syntyneit\u00e4 kuluja ei korvata.\r\n<\/span><br ><br ><span  style=\"color: rgb(0, 0, 0);\">\r\n23.\tMik\u00e4li asiakkaan ja vuokralle antajan v\u00e4lill\u00e4 syntyy riita, jota ei saada ratkaistua, ratkaistaan riita Satakunnan k\u00e4r\u00e4j\u00e4oikeudessa.\r\n<\/span><br ><br ><span  style=\"color: rgb(0, 0, 0);\">\r\n24.\tVastuuvapautus: Vuokraamalla py\u00f6r\u00e4n asiakas on hyv\u00e4ksynyt ja ymm\u00e4rt\u00e4nyt n\u00e4m\u00e4 ehdot ja sitoutuu noudattamaan niit\u00e4 sek\u00e4 vapauttaa vuokralle antajan kaikesta vastuusta mahdollisissa onnettomuuksissa.\r\n<\/span><br ><br ><span  style=\"color: rgb(0, 0, 0);\">\r\n25.\tPeruutukset: Vuokrausvaraus on sitova. Peruutukset on teht\u00e4v\u00e4 viimeist\u00e4\u00e4n 24h ennen varauksen alkamista puhelimitse tai tekstiviestill\u00e4. Alle 24h tulleista peruutuksista veloitamme 50% vuokrahinnan. Alle 12h peruutetuista varauksista tai peruuttamattomista varauksista veloitamme asiakkaalta varauksen mukaisen maksun ellei muuta ole sovittu varausta tehdess\u00e4.\r\n<\/span><br ><br ><span  style=\"font-weight: 400; color: rgb(0, 0, 0);\">\r\nVaraukset ja lis\u00e4tiedustelut s\u00e4hk\u00f6postilla, ao. numeroihin soittamalla tai tekstarilla.<\/span><br ><br ><span  style=\"font-weight: 400; color: rgb(0, 0, 0);\">\r\nUnton tila \/ Fatbike-vuokraus<\/span><br ><span  style=\"font-weight: 400; color: rgb(0, 0, 0);\">\r\nKARHINIEMENTIE 291, 32700 HUITTINEN<\/span><br ><span  style=\"font-weight: 400; color: rgb(0, 0, 0);\">\r\ninfo@intontila.fi<\/span><br ><span  style=\"font-weight: 400; color: rgb(0, 0, 0);\">\r\n0405065499 \/ Kalle<\/span><br ><span  style=\"font-weight: 400; color: rgb(0, 0, 0);\">\r\n0405402270 \/ Kirsi<\/span><br ><span  style=\"font-weight: 400; color: rgb(0, 0, 0);\">\r\n0404150270 \/ Jenny<\/span><\/p><\/div> <\/div> <div  class=\"row\"> <div  class=\"button-holder space-bottom space-bottom-small\" data-type=\"column\"> <\/div> <div  class=\"col-xs bottom-xs flexbox image-group-bottom-3-img space-bottom-xs center-xs\"> <img decoding=\"async\"  class=\"left-img shadow-large-black\" data-size=\"500x300\" src=\"https:\/\/www.untontila.fi\/wp-content\/uploads\/2021\/10\/cropped-IMG-20211002-WA0042.jpg\" title=\"cropped-IMG-20211002-WA0042.jpg\" alt=\"\"> <img decoding=\"async\"  class=\"center-img shadow-large-black\" data-size=\"500x300\" src=\"https:\/\/www.untontila.fi\/wp-content\/uploads\/2021\/10\/IMG-20211002-WA0032-1.jpg\" title=\"Fatbike\" alt=\"\"> <img decoding=\"async\"  class=\"right-img shadow-large-black\" data-size=\"500x300\" src=\"https:\/\/www.untontila.fi\/wp-content\/uploads\/2021\/10\/IMG-20211002-WA0058.jpg\" title=\"IMG-20211002-WA0058\" alt=\"\"><\/div> <\/div><\/div> <\/div>","protected":false},"excerpt":{"rendered":"<p>UNTON TILA FATBIKE-VUOKRAUSEHDOT 1. Unton Tilan (vuokralle antaja) s\u00e4hk\u00f6avusteisten polkupy\u00f6rien vuokrausehdot ja -s\u00e4\u00e4nn\u00f6t sek\u00e4 s\u00e4\u00e4d\u00f6kset m\u00e4\u00e4ritell\u00e4\u00e4n n\u00e4iss\u00e4 vuokrausehdoissa, vuokrasopimuksessa sek\u00e4 Suomen lains\u00e4\u00e4d\u00e4nn\u00f6ss\u00e4. Maksamalla vuokrasopimuksen hinnan vuokraaja (asiakas) sitoutuu noudattamaan n\u00e4it\u00e4 vuokraukseen liittyvi\u00e4 ehtoja, sopimuksia sek\u00e4 lains\u00e4\u00e4d\u00e4nt\u00f6\u00e4. 2. Asiakkaan on todistettava vuokrauksen yhteydess\u00e4 henkil\u00f6llisyytens\u00e4 voimassa olevalla kuvallisella henkil\u00f6llisyystodistuksella (passi, EU-ajokortti tai henkil\u00f6kortti). Vuokraajalta otetaan virallisen henkil\u00f6llisyystodistuksen&hellip; <br \/> <a class=\"read-more\" href=\"https:\/\/www.untontila.fi\/?page_id=1003\">Read more<\/a><\/p>\n","protected":false},"author":1,"featured_media":0,"parent":0,"menu_order":0,"comment_status":"closed","ping_status":"closed","template":"pro\/page-templates\/landing-page.php","meta":{"footnotes":""},"class_list":["post-1003","page","type-page","status-publish","hentry"],"yoast_head":"<!-- This site is optimized with the Yoast SEO plugin v26.9 - https:\/\/yoast.com\/product\/yoast-seo-wordpress\/ -->\n<title>Fatbike-vuokrausehdot - Unton Tila<\/title>\n<meta name=\"description\" content=\"Irtaudu arjesta ja l\u00e4hde tutustumaan helposti ja vauhdikkaasti Kokem\u00e4enjoen valtakunnallisesti arvokkaaseen kulttuurimaisemaan sek\u00e4 Puurij\u00e4rven ja Isosuon kansallispuiston luontokeitaisiin. S\u00e4hk\u00f6k\u00e4ytt\u00f6inen Tunturi eMAX Fatbike toimii kuin normaali vaihdepy\u00f6r\u00e4, mutta s\u00e4hk\u00f6avusteisesti se on uskomattoman kevyt polkea.\ufeff\ufeff\" \/>\n<meta name=\"robots\" content=\"index, follow, max-snippet:-1, max-image-preview:large, max-video-preview:-1\" \/>\n<link rel=\"canonical\" href=\"https:\/\/www.untontila.fi\/?page_id=1003\" \/>\n<meta property=\"og:locale\" content=\"fi_FI\" \/>\n<meta property=\"og:type\" content=\"article\" \/>\n<meta property=\"og:title\" content=\"Fatbike-vuokrausehdot - Unton Tila\" \/>\n<meta property=\"og:description\" content=\"Irtaudu arjesta ja l\u00e4hde tutustumaan helposti ja vauhdikkaasti Kokem\u00e4enjoen valtakunnallisesti arvokkaaseen kulttuurimaisemaan sek\u00e4 Puurij\u00e4rven ja Isosuon kansallispuiston luontokeitaisiin. S\u00e4hk\u00f6k\u00e4ytt\u00f6inen Tunturi eMAX Fatbike toimii kuin normaali vaihdepy\u00f6r\u00e4, mutta s\u00e4hk\u00f6avusteisesti se on uskomattoman kevyt polkea.\ufeff\ufeff\" \/>\n<meta property=\"og:url\" content=\"https:\/\/www.untontila.fi\/?page_id=1003\" \/>\n<meta property=\"og:site_name\" content=\"Unton Tila\" \/>\n<meta property=\"article:publisher\" content=\"https:\/\/www.facebook.com\/UntonTila\" \/>\n<meta property=\"article:modified_time\" content=\"2025-01-26T11:39:32+00:00\" \/>\n<meta property=\"og:image\" content=\"http:\/\/www.untontila.fi\/wp-content\/uploads\/2021\/10\/cropped-IMG-20211002-WA0042.jpg\" \/>\n<meta name=\"twitter:card\" content=\"summary_large_image\" \/>\n<meta name=\"twitter:label1\" content=\"Arvioitu lukuaika\" \/>\n\t<meta name=\"twitter:data1\" content=\"5 minuuttia\" \/>\n<script type=\"application\/ld+json\" class=\"yoast-schema-graph\">{\"@context\":\"https:\/\/schema.org\",\"@graph\":[{\"@type\":\"WebPage\",\"@id\":\"https:\/\/www.untontila.fi\/?page_id=1003\",\"url\":\"https:\/\/www.untontila.fi\/?page_id=1003\",\"name\":\"Fatbike-vuokrausehdot - Unton Tila\",\"isPartOf\":{\"@id\":\"https:\/\/www.untontila.fi\/#website\"},\"primaryImageOfPage\":{\"@id\":\"https:\/\/www.untontila.fi\/?page_id=1003#primaryimage\"},\"image\":{\"@id\":\"https:\/\/www.untontila.fi\/?page_id=1003#primaryimage\"},\"thumbnailUrl\":\"http:\/\/www.untontila.fi\/wp-content\/uploads\/2021\/10\/cropped-IMG-20211002-WA0042.jpg\",\"datePublished\":\"2021-10-03T16:15:31+00:00\",\"dateModified\":\"2025-01-26T11:39:32+00:00\",\"description\":\"Irtaudu arjesta ja l\u00e4hde tutustumaan helposti ja vauhdikkaasti Kokem\u00e4enjoen valtakunnallisesti arvokkaaseen kulttuurimaisemaan sek\u00e4 Puurij\u00e4rven ja Isosuon kansallispuiston luontokeitaisiin. S\u00e4hk\u00f6k\u00e4ytt\u00f6inen Tunturi eMAX Fatbike toimii kuin normaali vaihdepy\u00f6r\u00e4, mutta s\u00e4hk\u00f6avusteisesti se on uskomattoman kevyt polkea.\ufeff\ufeff\",\"breadcrumb\":{\"@id\":\"https:\/\/www.untontila.fi\/?page_id=1003#breadcrumb\"},\"inLanguage\":\"fi\",\"potentialAction\":[{\"@type\":\"ReadAction\",\"target\":[\"https:\/\/www.untontila.fi\/?page_id=1003\"]}]},{\"@type\":\"ImageObject\",\"inLanguage\":\"fi\",\"@id\":\"https:\/\/www.untontila.fi\/?page_id=1003#primaryimage\",\"url\":\"http:\/\/www.untontila.fi\/wp-content\/uploads\/2021\/10\/cropped-IMG-20211002-WA0042.jpg\",\"contentUrl\":\"http:\/\/www.untontila.fi\/wp-content\/uploads\/2021\/10\/cropped-IMG-20211002-WA0042.jpg\"},{\"@type\":\"BreadcrumbList\",\"@id\":\"https:\/\/www.untontila.fi\/?page_id=1003#breadcrumb\",\"itemListElement\":[{\"@type\":\"ListItem\",\"position\":1,\"name\":\"Etusivu\",\"item\":\"https:\/\/www.untontila.fi\/\"},{\"@type\":\"ListItem\",\"position\":2,\"name\":\"Fatbike-vuokrausehdot\"}]},{\"@type\":\"WebSite\",\"@id\":\"https:\/\/www.untontila.fi\/#website\",\"url\":\"https:\/\/www.untontila.fi\/\",\"name\":\"Unton Tila\",\"description\":\"Vuokraa e-Fatbike ja py&ouml;r&auml;ile kevyesti Ripovuorelle ihailemaan Kokem&auml;enjokilaakson kulttuurimaisemaa ja Puurij&auml;rven ja Isonsuon Kansallispuiston luontokeitaiden taikaa. Unton Tilalla Highland Cattle karjaa ja lihatuotteiden suoramyynti&auml;.\",\"publisher\":{\"@id\":\"https:\/\/www.untontila.fi\/#organization\"},\"potentialAction\":[{\"@type\":\"SearchAction\",\"target\":{\"@type\":\"EntryPoint\",\"urlTemplate\":\"https:\/\/www.untontila.fi\/?s={search_term_string}\"},\"query-input\":{\"@type\":\"PropertyValueSpecification\",\"valueRequired\":true,\"valueName\":\"search_term_string\"}}],\"inLanguage\":\"fi\"},{\"@type\":\"Organization\",\"@id\":\"https:\/\/www.untontila.fi\/#organization\",\"name\":\"Unton Tila\",\"url\":\"https:\/\/www.untontila.fi\/\",\"logo\":{\"@type\":\"ImageObject\",\"inLanguage\":\"fi\",\"@id\":\"https:\/\/www.untontila.fi\/#\/schema\/logo\/image\/\",\"url\":\"https:\/\/www.untontila.fi\/wp-content\/uploads\/2020\/02\/unto_logo_pieni_valk.png\",\"contentUrl\":\"https:\/\/www.untontila.fi\/wp-content\/uploads\/2020\/02\/unto_logo_pieni_valk.png\",\"width\":1024,\"height\":412,\"caption\":\"Unton Tila\"},\"image\":{\"@id\":\"https:\/\/www.untontila.fi\/#\/schema\/logo\/image\/\"},\"sameAs\":[\"https:\/\/www.facebook.com\/UntonTila\"]}]}<\/script>\n<!-- \/ Yoast SEO plugin. -->","yoast_head_json":{"title":"Fatbike-vuokrausehdot - Unton Tila","description":"Irtaudu arjesta ja l\u00e4hde tutustumaan helposti ja vauhdikkaasti Kokem\u00e4enjoen valtakunnallisesti arvokkaaseen kulttuurimaisemaan sek\u00e4 Puurij\u00e4rven ja Isosuon kansallispuiston luontokeitaisiin. S\u00e4hk\u00f6k\u00e4ytt\u00f6inen Tunturi eMAX Fatbike toimii kuin normaali vaihdepy\u00f6r\u00e4, mutta s\u00e4hk\u00f6avusteisesti se on uskomattoman kevyt polkea.\ufeff\ufeff","robots":{"index":"index","follow":"follow","max-snippet":"max-snippet:-1","max-image-preview":"max-image-preview:large","max-video-preview":"max-video-preview:-1"},"canonical":"https:\/\/www.untontila.fi\/?page_id=1003","og_locale":"fi_FI","og_type":"article","og_title":"Fatbike-vuokrausehdot - Unton Tila","og_description":"Irtaudu arjesta ja l\u00e4hde tutustumaan helposti ja vauhdikkaasti Kokem\u00e4enjoen valtakunnallisesti arvokkaaseen kulttuurimaisemaan sek\u00e4 Puurij\u00e4rven ja Isosuon kansallispuiston luontokeitaisiin. S\u00e4hk\u00f6k\u00e4ytt\u00f6inen Tunturi eMAX Fatbike toimii kuin normaali vaihdepy\u00f6r\u00e4, mutta s\u00e4hk\u00f6avusteisesti se on uskomattoman kevyt polkea.\ufeff\ufeff","og_url":"https:\/\/www.untontila.fi\/?page_id=1003","og_site_name":"Unton Tila","article_publisher":"https:\/\/www.facebook.com\/UntonTila","article_modified_time":"2025-01-26T11:39:32+00:00","og_image":[{"url":"http:\/\/www.untontila.fi\/wp-content\/uploads\/2021\/10\/cropped-IMG-20211002-WA0042.jpg","type":"","width":"","height":""}],"twitter_card":"summary_large_image","twitter_misc":{"Arvioitu lukuaika":"5 minuuttia"},"schema":{"@context":"https:\/\/schema.org","@graph":[{"@type":"WebPage","@id":"https:\/\/www.untontila.fi\/?page_id=1003","url":"https:\/\/www.untontila.fi\/?page_id=1003","name":"Fatbike-vuokrausehdot - Unton Tila","isPartOf":{"@id":"https:\/\/www.untontila.fi\/#website"},"primaryImageOfPage":{"@id":"https:\/\/www.untontila.fi\/?page_id=1003#primaryimage"},"image":{"@id":"https:\/\/www.untontila.fi\/?page_id=1003#primaryimage"},"thumbnailUrl":"http:\/\/www.untontila.fi\/wp-content\/uploads\/2021\/10\/cropped-IMG-20211002-WA0042.jpg","datePublished":"2021-10-03T16:15:31+00:00","dateModified":"2025-01-26T11:39:32+00:00","description":"Irtaudu arjesta ja l\u00e4hde tutustumaan helposti ja vauhdikkaasti Kokem\u00e4enjoen valtakunnallisesti arvokkaaseen kulttuurimaisemaan sek\u00e4 Puurij\u00e4rven ja Isosuon kansallispuiston luontokeitaisiin. S\u00e4hk\u00f6k\u00e4ytt\u00f6inen Tunturi eMAX Fatbike toimii kuin normaali vaihdepy\u00f6r\u00e4, mutta s\u00e4hk\u00f6avusteisesti se on uskomattoman kevyt polkea.\ufeff\ufeff","breadcrumb":{"@id":"https:\/\/www.untontila.fi\/?page_id=1003#breadcrumb"},"inLanguage":"fi","potentialAction":[{"@type":"ReadAction","target":["https:\/\/www.untontila.fi\/?page_id=1003"]}]},{"@type":"ImageObject","inLanguage":"fi","@id":"https:\/\/www.untontila.fi\/?page_id=1003#primaryimage","url":"http:\/\/www.untontila.fi\/wp-content\/uploads\/2021\/10\/cropped-IMG-20211002-WA0042.jpg","contentUrl":"http:\/\/www.untontila.fi\/wp-content\/uploads\/2021\/10\/cropped-IMG-20211002-WA0042.jpg"},{"@type":"BreadcrumbList","@id":"https:\/\/www.untontila.fi\/?page_id=1003#breadcrumb","itemListElement":[{"@type":"ListItem","position":1,"name":"Etusivu","item":"https:\/\/www.untontila.fi\/"},{"@type":"ListItem","position":2,"name":"Fatbike-vuokrausehdot"}]},{"@type":"WebSite","@id":"https:\/\/www.untontila.fi\/#website","url":"https:\/\/www.untontila.fi\/","name":"Unton Tila","description":"Vuokraa e-Fatbike ja py&ouml;r&auml;ile kevyesti Ripovuorelle ihailemaan Kokem&auml;enjokilaakson kulttuurimaisemaa ja Puurij&auml;rven ja Isonsuon Kansallispuiston luontokeitaiden taikaa. Unton Tilalla Highland Cattle karjaa ja lihatuotteiden suoramyynti&auml;.","publisher":{"@id":"https:\/\/www.untontila.fi\/#organization"},"potentialAction":[{"@type":"SearchAction","target":{"@type":"EntryPoint","urlTemplate":"https:\/\/www.untontila.fi\/?s={search_term_string}"},"query-input":{"@type":"PropertyValueSpecification","valueRequired":true,"valueName":"search_term_string"}}],"inLanguage":"fi"},{"@type":"Organization","@id":"https:\/\/www.untontila.fi\/#organization","name":"Unton Tila","url":"https:\/\/www.untontila.fi\/","logo":{"@type":"ImageObject","inLanguage":"fi","@id":"https:\/\/www.untontila.fi\/#\/schema\/logo\/image\/","url":"https:\/\/www.untontila.fi\/wp-content\/uploads\/2020\/02\/unto_logo_pieni_valk.png","contentUrl":"https:\/\/www.untontila.fi\/wp-content\/uploads\/2020\/02\/unto_logo_pieni_valk.png","width":1024,"height":412,"caption":"Unton Tila"},"image":{"@id":"https:\/\/www.untontila.fi\/#\/schema\/logo\/image\/"},"sameAs":["https:\/\/www.facebook.com\/UntonTila"]}]}},"_links":{"self":[{"href":"https:\/\/www.untontila.fi\/index.php?rest_route=\/wp\/v2\/pages\/1003","targetHints":{"allow":["GET"]}}],"collection":[{"href":"https:\/\/www.untontila.fi\/index.php?rest_route=\/wp\/v2\/pages"}],"about":[{"href":"https:\/\/www.untontila.fi\/index.php?rest_route=\/wp\/v2\/types\/page"}],"author":[{"embeddable":true,"href":"https:\/\/www.untontila.fi\/index.php?rest_route=\/wp\/v2\/users\/1"}],"replies":[{"embeddable":true,"href":"https:\/\/www.untontila.fi\/index.php?rest_route=%2Fwp%2Fv2%2Fcomments&post=1003"}],"version-history":[{"count":17,"href":"https:\/\/www.untontila.fi\/index.php?rest_route=\/wp\/v2\/pages\/1003\/revisions"}],"predecessor-version":[{"id":1166,"href":"https:\/\/www.untontila.fi\/index.php?rest_route=\/wp\/v2\/pages\/1003\/revisions\/1166"}],"wp:attachment":[{"href":"https:\/\/www.untontila.fi\/index.php?rest_route=%2Fwp%2Fv2%2Fmedia&parent=1003"}],"curies":[{"name":"wp","href":"https:\/\/api.w.org\/{rel}","templated":true}]}}